{"id":98,"date":"2016-07-22T09:52:55","date_gmt":"2016-07-22T09:52:55","guid":{"rendered":"http:\/\/bridge76.qodeinteractive.com\/?page_id=98"},"modified":"2026-04-21T10:52:54","modified_gmt":"2026-04-21T14:52:54","slug":"notre-equipe","status":"publish","type":"page","link":"https:\/\/groupedentis.com\/fr\/notre-equipe\/","title":{"rendered":"Notre \u00e9quipe"},"content":{"rendered":"<div class=\"wpb-content-wrapper\"><p>[vc_row css_animation=\u00a0\u00bb\u00a0\u00bb row_type=\u00a0\u00bbrow\u00a0\u00bb use_row_as_full_screen_section=\u00a0\u00bbno\u00a0\u00bb type=\u00a0\u00bbfull_width\u00a0\u00bb angled_section=\u00a0\u00bbno\u00a0\u00bb text_align=\u00a0\u00bbleft\u00a0\u00bb background_image=\u00a0\u00bb177&Prime; background_image_as_pattern=\u00a0\u00bbwithout_pattern\u00a0\u00bb el_class=\u00a0\u00bbwhite_text dentiste_qualifies\u00a0\u00bb][vc_column el_class=\u00a0\u00bbmobile-fix-text\u00a0\u00bb][vc_column_text css=\u00a0\u00bb\u00a0\u00bb el_class=\u00a0\u00bbdentiste_qualifies_text\u00a0\u00bb]<span style=\"font-weight: 400;\">Notre \u00e9quipe qualifi\u00e9e compos\u00e9e de 17 professionnels se fera un plaisir de vous accueillir et de vous offrir les meilleurs soins, quels que soient vos besoins dentaires. Nos dentistes, notre denturologiste, ainsi que nos hygi\u00e9nistes, assistantes, secr\u00e9taires et gestionnaires forment une \u00e9quipe soud\u00e9e et comp\u00e9tente. Parmi les membres de notre \u00e9quipe, retrouvez le Dr <span data-olk-copy-source=\"MessageBody\">Clement Long &amp; Renald Petit-Fr\u00e8re<\/span>, tous engag\u00e9s \u00e0 vous offrir des soins personnalis\u00e9s et professionnels \u00e0 Gatineau.<\/span><\/p>\n<p><span style=\"font-weight: 400;\">Notre \u00e9quipe travaille conjointement afin de vous offrir un service personnalis\u00e9 dans un environnement des plus agr\u00e9able et \u00e0 la fine pointe des derni\u00e8res technologies dans notre clinique \u00e0 Gatineau.<\/span>[\/vc_column_text][\/vc_column][\/vc_row][vc_row css_animation=\u00a0\u00bb\u00a0\u00bb row_type=\u00a0\u00bbrow\u00a0\u00bb use_row_as_full_screen_section=\u00a0\u00bbno\u00a0\u00bb type=\u00a0\u00bbfull_width\u00a0\u00bb angled_section=\u00a0\u00bbno\u00a0\u00bb text_align=\u00a0\u00bbleft\u00a0\u00bb background_image_as_pattern=\u00a0\u00bbwithout_pattern\u00a0\u00bb background_color=\u00a0\u00bb#f7f7f7&Prime; el_class=\u00a0\u00bbhome_team team_member not_inverted_order\u00a0\u00bb][vc_column width=\u00a0\u00bb1\/2&Prime; el_class=\u00a0\u00bbhome_team_sec_one mobile-fix-text\u00a0\u00bb][vc_separator type=\u00a0\u00bbnormal\u00a0\u00bb transparency=\u00a0\u00bb0&Prime; thickness=\u00a0\u00bb10&Prime; up=\u00a0\u00bb20&Prime; down=\u00a0\u00bb20&Prime;][vc_column_text el_class=\u00a0\u00bbhome_team_text home_team_name\u00a0\u00bb]<\/p>\n<h4>Dr. Pierre-Luc D\u00e9ry<\/h4>\n<p>[\/vc_column_text][vc_separator type=\u00a0\u00bbnormal\u00a0\u00bb transparency=\u00a0\u00bb0&Prime; thickness=\u00a0\u00bb1&Prime; down=\u00a0\u00bb7&Prime;][vc_column_text css=\u00a0\u00bb\u00a0\u00bb el_class=\u00a0\u00bbhome_team_text\u00a0\u00bb]<span style=\"font-weight: 400;\">C\u2019est en 2010 que le Dr. Pierre-Luc D\u00e9ry s\u2019est joint au Groupe Dentis suite \u00e0 l\u2019obtention de son Doctorat en M\u00e9decine Dentaire de l\u2019Universit\u00e9 Laval \u00e0 Qu\u00e9bec. D\u00e8s le d\u00e9but de sa pratique, le Dr. D\u00e9ry a su perfectionner ses connaissances et son expertise dans plusieurs domaines de la dentisterie, notamment par une formation en implantologie \u00e0 l\u2019Institut Dentaire International en 2011, ainsi qu\u2019une formation en greffes de tissus durs et tissus mous du Medical University of South Carolina en 2013. Toujours soucieux de prodiguer le meilleur soin \u00e0 chaque patient, il saura demeurer attentif, rigoureux, et accessible pour vous.<\/span>[\/vc_column_text][\/vc_column][vc_column width=\u00a0\u00bb1\/2&Prime; el_class=\u00a0\u00bbhome_team_sec_two\u00a0\u00bb][vc_single_image image=\u00a0\u00bb374&Prime; img_size=\u00a0\u00bblarge\u00a0\u00bb qode_css_animation=\u00a0\u00bb\u00a0\u00bb][\/vc_column][\/vc_row][vc_row css_animation=\u00a0\u00bb\u00a0\u00bb row_type=\u00a0\u00bbrow\u00a0\u00bb use_row_as_full_screen_section=\u00a0\u00bbno\u00a0\u00bb type=\u00a0\u00bbfull_width\u00a0\u00bb angled_section=\u00a0\u00bbno\u00a0\u00bb text_align=\u00a0\u00bbleft\u00a0\u00bb background_image_as_pattern=\u00a0\u00bbwithout_pattern\u00a0\u00bb background_color=\u00a0\u00bb#f7f7f7&Prime; el_class=\u00a0\u00bbhome_team team_member inverted_order\u00a0\u00bb][vc_column width=\u00a0\u00bb1\/2&Prime; el_class=\u00a0\u00bbhome_team_sec_one mobile-fix-text\u00a0\u00bb][vc_separator type=\u00a0\u00bbnormal\u00a0\u00bb transparency=\u00a0\u00bb0&Prime; thickness=\u00a0\u00bb10&Prime; up=\u00a0\u00bb20&Prime; down=\u00a0\u00bb20&Prime;][vc_column_text el_class=\u00a0\u00bbhome_team_text home_team_name\u00a0\u00bb]<\/p>\n<h4>DRE MAUDE COUILLARD ST-PIERRE<\/h4>\n<p>[\/vc_column_text][vc_separator type=\u00a0\u00bbnormal\u00a0\u00bb transparency=\u00a0\u00bb0&Prime; thickness=\u00a0\u00bb1&Prime; down=\u00a0\u00bb7&Prime;][vc_column_text css=\u00a0\u00bb\u00a0\u00bb el_class=\u00a0\u00bbhome_team_text\u00a0\u00bb]<span style=\"font-weight: 400;\">Dre Maude Couillard-St-Pierre a gradu\u00e9 en M\u00e9decine Dentaire \u00e0 l\u2019Universit\u00e9 Laval \u00e0 Qu\u00e9bec en 2013. Passionn\u00e9e de la dentisterie, elle pratique depuis dix ans dans la r\u00e9gion de l\u2019Outaouais. Elle a aussi obtenu un baccalaur\u00e9at en Microbiologie \u00e0 la m\u00eame universit\u00e9. Avec une approche personnalis\u00e9e et familiale, elle est \u00e0 l\u2019\u00e9coute des patients et vous offrira des soins qui r\u00e9pondent \u00e0 vos besoins. Dre Couillard-St-Pierre participe de fa\u00e7on r\u00e9guli\u00e8re \u00e0 des formations ax\u00e9es sur les derni\u00e8res connaissances et technologies en dentisterie pour offrir des soins de qualit\u00e9. \u00c9t\u00e9 comme hiver, elle aime les activit\u00e9s de plein air qu\u2019elle pratique avec sa famille et ses deux jeunes enfants. Familiale, chaleureuse et \u00e0 l\u2019\u00e9coute de toutes vos pr\u00e9occupations, Dre Maude Couillard St-Pierre est pr\u00eate \u00e0 vous recevoir.<\/span>[\/vc_column_text][\/vc_column][vc_column width=\u00a0\u00bb1\/2&Prime; el_class=\u00a0\u00bbhome_team_sec_two\u00a0\u00bb][vc_single_image image=\u00a0\u00bb995&Prime; img_size=\u00a0\u00bblarge\u00a0\u00bb qode_css_animation=\u00a0\u00bb\u00a0\u00bb][\/vc_column][\/vc_row][vc_row css_animation=\u00a0\u00bb\u00a0\u00bb row_type=\u00a0\u00bbrow\u00a0\u00bb use_row_as_full_screen_section=\u00a0\u00bbno\u00a0\u00bb type=\u00a0\u00bbfull_width\u00a0\u00bb angled_section=\u00a0\u00bbno\u00a0\u00bb text_align=\u00a0\u00bbleft\u00a0\u00bb background_image_as_pattern=\u00a0\u00bbwithout_pattern\u00a0\u00bb el_class=\u00a0\u00bbhome_team team_member not_inverted_order\u00a0\u00bb][vc_column width=\u00a0\u00bb1\/2&Prime; el_class=\u00a0\u00bbhome_team_sec_one mobile-fix-text\u00a0\u00bb][vc_separator type=\u00a0\u00bbnormal\u00a0\u00bb transparency=\u00a0\u00bb0&Prime; thickness=\u00a0\u00bb10&Prime; up=\u00a0\u00bb20&Prime; down=\u00a0\u00bb20&Prime;][vc_column_text el_class=\u00a0\u00bbhome_team_text home_team_name\u00a0\u00bb]<\/p>\n<h4>Michel Boss\u00e9 d.d.<\/h4>\n<p>[\/vc_column_text][vc_separator type=\u00a0\u00bbnormal\u00a0\u00bb transparency=\u00a0\u00bb0&Prime; thickness=\u00a0\u00bb1&Prime; down=\u00a0\u00bb7&Prime;][vc_column_text css=\u00a0\u00bb\u00a0\u00bb el_class=\u00a0\u00bbhome_team_text\u00a0\u00bb]<span style=\"font-weight: 400;\">Denturologiste dipl\u00f4m\u00e9 en 1994, Michel Boss\u00e9 d.d. compte un bagage de plus de 30 ans d\u2019exp\u00e9rience. \u00c0 l\u2019aff\u00fbt des perc\u00e9es dans le domaine de la denturologie, il vous assure une proth\u00e8se sur mesure et de tr\u00e8s grande qualit\u00e9. Toujours \u00e0 l\u2019\u00e9coute des gens, il sait \u00e9valuer les besoins de chaque patient, \u00e9tablir un plan de traitement personnalis\u00e9, concevoir la proth\u00e8se et accompagner les gens jusqu\u2019au dernier ajustement. La consultation est gratuite. Venez jaser!<\/span>[\/vc_column_text][\/vc_column][vc_column width=\u00a0\u00bb1\/2&Prime; el_class=\u00a0\u00bbhome_team_sec_two\u00a0\u00bb][vc_single_image image=\u00a0\u00bb375&Prime; img_size=\u00a0\u00bblarge\u00a0\u00bb qode_css_animation=\u00a0\u00bb\u00a0\u00bb el_class=\u00a0\u00bbinvert-image-x\u00a0\u00bb][\/vc_column][\/vc_row]<\/p>\n<\/div>","protected":false},"excerpt":{"rendered":"<p>[vc_row css_animation=\u00a0\u00bb\u00a0\u00bb row_type=\u00a0\u00bbrow\u00a0\u00bb use_row_as_full_screen_section=\u00a0\u00bbno\u00a0\u00bb type=\u00a0\u00bbfull_width\u00a0\u00bb angled_section=\u00a0\u00bbno\u00a0\u00bb text_align=\u00a0\u00bbleft\u00a0\u00bb background_image=\u00a0\u00bb177&Prime; background_image_as_pattern=\u00a0\u00bbwithout_pattern\u00a0\u00bb el_class=\u00a0\u00bbwhite_text dentiste_qualifies\u00a0\u00bb][vc_column el_class=\u00a0\u00bbmobile-fix-text\u00a0\u00bb][vc_column_text css=\u00a0\u00bb\u00a0\u00bb el_class=\u00a0\u00bbdentiste_qualifies_text\u00a0\u00bb]Notre \u00e9quipe qualifi\u00e9e compos\u00e9e de 17 professionnels se fera un plaisir de vous accueillir et de vous offrir les meilleurs soins, quels que soient vos besoins dentaires. Nos dentistes, notre denturologiste, ainsi&#8230;<\/p>\n","protected":false},"author":1,"featured_media":0,"parent":0,"menu_order":0,"comment_status":"closed","ping_status":"closed","template":"full_width.php","meta":{"_acf_changed":false,"footnotes":""},"class_list":["post-98","page","type-page","status-publish","hentry"],"acf":[],"_links":{"self":[{"href":"https:\/\/groupedentis.com\/fr\/wp-json\/wp\/v2\/pages\/98","targetHints":{"allow":["GET"]}}],"collection":[{"href":"https:\/\/groupedentis.com\/fr\/wp-json\/wp\/v2\/pages"}],"about":[{"href":"https:\/\/groupedentis.com\/fr\/wp-json\/wp\/v2\/types\/page"}],"author":[{"embeddable":true,"href":"https:\/\/groupedentis.com\/fr\/wp-json\/wp\/v2\/users\/1"}],"replies":[{"embeddable":true,"href":"https:\/\/groupedentis.com\/fr\/wp-json\/wp\/v2\/comments?post=98"}],"version-history":[{"count":6,"href":"https:\/\/groupedentis.com\/fr\/wp-json\/wp\/v2\/pages\/98\/revisions"}],"predecessor-version":[{"id":1157,"href":"https:\/\/groupedentis.com\/fr\/wp-json\/wp\/v2\/pages\/98\/revisions\/1157"}],"wp:attachment":[{"href":"https:\/\/groupedentis.com\/fr\/wp-json\/wp\/v2\/media?parent=98"}],"curies":[{"name":"wp","href":"https:\/\/api.w.org\/{rel}","templated":true}]}}