{"id":83,"date":"2016-07-22T09:08:41","date_gmt":"2016-07-22T09:08:41","guid":{"rendered":"http:\/\/bridge76.qodeinteractive.com\/?page_id=83"},"modified":"2025-05-29T10:57:42","modified_gmt":"2025-05-29T14:57:42","slug":"qui-sommes-nous","status":"publish","type":"page","link":"https:\/\/groupedentis.com\/fr\/qui-sommes-nous\/","title":{"rendered":"Qui sommes-nous"},"content":{"rendered":"<div class=\"wpb-content-wrapper\"><p>[vc_row css_animation=\u00a0\u00bb\u00a0\u00bb row_type=\u00a0\u00bbrow\u00a0\u00bb use_row_as_full_screen_section=\u00a0\u00bbno\u00a0\u00bb type=\u00a0\u00bbfull_width\u00a0\u00bb angled_section=\u00a0\u00bbno\u00a0\u00bb text_align=\u00a0\u00bbcenter\u00a0\u00bb background_image=\u00a0\u00bb178&Prime; background_image_as_pattern=\u00a0\u00bbwithout_pattern\u00a0\u00bb el_class=\u00a0\u00bbhome_team\u00a0\u00bb][vc_column width=\u00a0\u00bb1\/2&Prime; el_class=\u00a0\u00bbhome_team_sec_one qui_sommes_nous_sec_one\u00a0\u00bb][vc_column_text el_class=\u00a0\u00bbhome_team_text\u00a0\u00bb]<\/p>\n<h3 style=\"text-align: left;\">Notre histoire<\/h3>\n<p>[\/vc_column_text][vc_column_text css=\u00a0\u00bb\u00a0\u00bb el_class=\u00a0\u00bbhome_team_text\u00a0\u00bb]<\/p>\n<p style=\"text-align: left;\"><span style=\"font-weight: 400;\">Depuis pr\u00e8s de 50 ans, Le Groupe Dentis veille au maintien et au d\u00e9veloppement de la sant\u00e9 dentaire de ses patients. Notre clinique dentaire \u00e0 Gatineau a tout d\u2019abord vu le jour en 1968 sous le nom de Qualident gr\u00e2ce au Dr. Tremblay. C\u2019est en 1986 qu\u2019il a pass\u00e9 le flambeau au Dr Bourassa qui forma ensuite Le Groupe Dentis.<\/span><\/p>\n<p style=\"text-align: left;\"><span style=\"font-weight: 400;\">Plus r\u00e9cemment, pour poursuivre cette belle aventure, Dr Pierre-Luc D\u00e9ry a fait l\u2019acquisition de la clinique dentaire en 2012. Par la suite, la Dre Maude Couillard St-Pierre s\u2019est jointe \u00e0 l\u2019\u00e9quipe en 2022, suivie de la Dre Imene Meddad en 2023, puis du Dr Cl\u00e9ment Long en 2024. Le Groupe Dentis compte maintenant une \u00e9quipe de 17 professionnels passionn\u00e9s, offrant des soins dentaires \u00e0 Gatineau.<\/span><\/p>\n<p style=\"text-align: left;\"><span style=\"font-weight: 400;\">\u00c0 ce jour, Le Groupe Dentis offre une gamme compl\u00e8te de soins dentaires \u00e0 la fine pointe de la technologie, le tout orchestr\u00e9 par un personnel poursuivant constamment le maintien et le d\u00e9veloppement des comp\u00e9tences. Dans un environnement accueillant et rassurant, que ce soit pour une visite de consultation ou un traitement plus complexe, une \u00e9quipe d\u00e9vou\u00e9e sera toujours \u00e0 votre \u00e9coute.<\/span><\/p>\n<p style=\"text-align: left;\"><span style=\"font-weight: 400;\">Nous vous invitons \u00e0 parcourir notre site pour en savoir plus sur notre clinique, nos services et notre approche humaine.<\/span><\/p>\n<p>[\/vc_column_text][\/vc_column][vc_column width=\u00a0\u00bb1\/2&Prime; el_class=\u00a0\u00bbhome_team_sec_two\u00a0\u00bb][vc_single_image image=\u00a0\u00bb535&Prime; img_size=\u00a0\u00bbfull\u00a0\u00bb qode_css_animation=\u00a0\u00bb\u00a0\u00bb][\/vc_column][\/vc_row]<\/p>\n<\/div>","protected":false},"excerpt":{"rendered":"<p>[vc_row css_animation=\u00a0\u00bb\u00a0\u00bb row_type=\u00a0\u00bbrow\u00a0\u00bb use_row_as_full_screen_section=\u00a0\u00bbno\u00a0\u00bb type=\u00a0\u00bbfull_width\u00a0\u00bb angled_section=\u00a0\u00bbno\u00a0\u00bb text_align=\u00a0\u00bbcenter\u00a0\u00bb background_image=\u00a0\u00bb178&Prime; background_image_as_pattern=\u00a0\u00bbwithout_pattern\u00a0\u00bb el_class=\u00a0\u00bbhome_team\u00a0\u00bb][vc_column width=\u00a0\u00bb1\/2&Prime; el_class=\u00a0\u00bbhome_team_sec_one qui_sommes_nous_sec_one\u00a0\u00bb][vc_column_text el_class=\u00a0\u00bbhome_team_text\u00a0\u00bb] Notre histoire [\/vc_column_text][vc_column_text css=\u00a0\u00bb\u00a0\u00bb el_class=\u00a0\u00bbhome_team_text\u00a0\u00bb] Depuis pr\u00e8s de 50 ans, Le Groupe Dentis veille au maintien et au d\u00e9veloppement de la sant\u00e9 dentaire de ses patients. Notre clinique dentaire \u00e0 Gatineau&#8230;<\/p>\n","protected":false},"author":1,"featured_media":0,"parent":0,"menu_order":0,"comment_status":"closed","ping_status":"closed","template":"full_width.php","meta":{"_acf_changed":false,"footnotes":""},"class_list":["post-83","page","type-page","status-publish","hentry"],"acf":[],"_links":{"self":[{"href":"https:\/\/groupedentis.com\/fr\/wp-json\/wp\/v2\/pages\/83","targetHints":{"allow":["GET"]}}],"collection":[{"href":"https:\/\/groupedentis.com\/fr\/wp-json\/wp\/v2\/pages"}],"about":[{"href":"https:\/\/groupedentis.com\/fr\/wp-json\/wp\/v2\/types\/page"}],"author":[{"embeddable":true,"href":"https:\/\/groupedentis.com\/fr\/wp-json\/wp\/v2\/users\/1"}],"replies":[{"embeddable":true,"href":"https:\/\/groupedentis.com\/fr\/wp-json\/wp\/v2\/comments?post=83"}],"version-history":[{"count":3,"href":"https:\/\/groupedentis.com\/fr\/wp-json\/wp\/v2\/pages\/83\/revisions"}],"predecessor-version":[{"id":1086,"href":"https:\/\/groupedentis.com\/fr\/wp-json\/wp\/v2\/pages\/83\/revisions\/1086"}],"wp:attachment":[{"href":"https:\/\/groupedentis.com\/fr\/wp-json\/wp\/v2\/media?parent=83"}],"curies":[{"name":"wp","href":"https:\/\/api.w.org\/{rel}","templated":true}]}}