{"id":400,"date":"2017-02-08T21:14:04","date_gmt":"2017-02-08T20:14:04","guid":{"rendered":"https:\/\/groupedentis.com\/?page_id=400"},"modified":"2017-03-31T14:43:52","modified_gmt":"2017-03-31T13:43:52","slug":"decouvrez-notre-clinique","status":"publish","type":"page","link":"https:\/\/groupedentis.com\/fr\/decouvrez-notre-clinique\/","title":{"rendered":"D\u00e9couvrez notre clinique"},"content":{"rendered":"<div class=\"wpb-content-wrapper\"><p>[vc_row css_animation=\u00a0\u00bb\u00a0\u00bb row_type=\u00a0\u00bbrow\u00a0\u00bb use_row_as_full_screen_section=\u00a0\u00bbno\u00a0\u00bb type=\u00a0\u00bbgrid\u00a0\u00bb angled_section=\u00a0\u00bbno\u00a0\u00bb text_align=\u00a0\u00bbleft\u00a0\u00bb background_image_as_pattern=\u00a0\u00bbwithout_pattern\u00a0\u00bb][vc_column][vc_empty_space height=\u00a0\u00bb75px\u00a0\u00bb][vc_column_text]\u00c0 la clinique Groupe Dentis, les solutions \u00e0 tous vos probl\u00e8mes bucco-dentaires se trouvent sous un m\u00eame toit. Vous pouvez compter sur un service personnalis\u00e9 et professionnel. Quelle que soit la raison de votre visite, c&rsquo;est avec plaisir que nous r\u00e9pondrons \u00e0 toutes vos questions. Un environnement chaleureux et apaisant vous attend. Prenez rendez-vous maintenant et venez d\u00e9couvrir notre \u00e9quipe passionn\u00e9e ![\/vc_column_text][vc_empty_space height=\u00a0\u00bb75px\u00a0\u00bb][\/vc_column][\/vc_row][vc_row css_animation=\u00a0\u00bb\u00a0\u00bb row_type=\u00a0\u00bbrow\u00a0\u00bb use_row_as_full_screen_section=\u00a0\u00bbno\u00a0\u00bb type=\u00a0\u00bbfull_width\u00a0\u00bb angled_section=\u00a0\u00bbno\u00a0\u00bb text_align=\u00a0\u00bbleft\u00a0\u00bb background_image_as_pattern=\u00a0\u00bbwithout_pattern\u00a0\u00bb][vc_column][vc_column_text]\n                <div class='albumPhoto_photo vc_col-sm-4 visite-clinique'>\n                    <a href='https:\/\/groupedentis.com\/wp-content\/uploads\/2017\/02\/DSC02042.jpg' rel='prettyPhoto[single_pretty_photo]'>\n                        <span>\n                            <img src='https:\/\/groupedentis.com\/wp-content\/uploads\/2017\/02\/DSC02042-570x570.jpg' alt='Salle d&#039;attente' \/>\n                        <\/span>\n                    <\/a>\n                <\/div>\n            \n                <div class='albumPhoto_photo vc_col-sm-4 visite-clinique'>\n                    <a href='https:\/\/groupedentis.com\/wp-content\/uploads\/2017\/02\/DSC02053.jpg' rel='prettyPhoto[single_pretty_photo]'>\n                        <span>\n                            <img src='https:\/\/groupedentis.com\/wp-content\/uploads\/2017\/02\/DSC02053-570x570.jpg' alt='Salle d&#039;attente' \/>\n                        <\/span>\n                    <\/a>\n                <\/div>\n            \n                <div class='albumPhoto_photo vc_col-sm-4 visite-clinique'>\n                    <a href='https:\/\/groupedentis.com\/wp-content\/uploads\/2017\/02\/DSC02036.jpg' rel='prettyPhoto[single_pretty_photo]'>\n                        <span>\n                            <img src='https:\/\/groupedentis.com\/wp-content\/uploads\/2017\/02\/DSC02036-570x570.jpg' alt='' \/>\n                        <\/span>\n                    <\/a>\n                <\/div>\n            [\/vc_column_text][\/vc_column][\/vc_row][vc_row css_animation=\u00a0\u00bb\u00a0\u00bb row_type=\u00a0\u00bbrow\u00a0\u00bb use_row_as_full_screen_section=\u00a0\u00bbno\u00a0\u00bb type=\u00a0\u00bbfull_width\u00a0\u00bb angled_section=\u00a0\u00bbno\u00a0\u00bb text_align=\u00a0\u00bbleft\u00a0\u00bb background_image_as_pattern=\u00a0\u00bbwithout_pattern\u00a0\u00bb][vc_column][vc_empty_space height=\u00a0\u00bb75px\u00a0\u00bb][\/vc_column][\/vc_row]<\/p>\n<\/div>","protected":false},"excerpt":{"rendered":"<p>[vc_row css_animation=\u00a0\u00bb\u00a0\u00bb row_type=\u00a0\u00bbrow\u00a0\u00bb use_row_as_full_screen_section=\u00a0\u00bbno\u00a0\u00bb type=\u00a0\u00bbgrid\u00a0\u00bb angled_section=\u00a0\u00bbno\u00a0\u00bb text_align=\u00a0\u00bbleft\u00a0\u00bb background_image_as_pattern=\u00a0\u00bbwithout_pattern\u00a0\u00bb][vc_column][vc_empty_space height=\u00a0\u00bb75px\u00a0\u00bb][vc_column_text]\u00c0 la clinique Groupe Dentis, les solutions \u00e0 tous vos probl\u00e8mes bucco-dentaires se trouvent sous un m\u00eame toit. Vous pouvez compter sur un service personnalis\u00e9 et professionnel. Quelle que soit la raison de votre visite, c&rsquo;est avec&#8230;<\/p>\n","protected":false},"author":1,"featured_media":0,"parent":0,"menu_order":0,"comment_status":"closed","ping_status":"closed","template":"","meta":{"_acf_changed":false,"footnotes":""},"class_list":["post-400","page","type-page","status-publish","hentry"],"acf":[],"_links":{"self":[{"href":"https:\/\/groupedentis.com\/fr\/wp-json\/wp\/v2\/pages\/400","targetHints":{"allow":["GET"]}}],"collection":[{"href":"https:\/\/groupedentis.com\/fr\/wp-json\/wp\/v2\/pages"}],"about":[{"href":"https:\/\/groupedentis.com\/fr\/wp-json\/wp\/v2\/types\/page"}],"author":[{"embeddable":true,"href":"https:\/\/groupedentis.com\/fr\/wp-json\/wp\/v2\/users\/1"}],"replies":[{"embeddable":true,"href":"https:\/\/groupedentis.com\/fr\/wp-json\/wp\/v2\/comments?post=400"}],"version-history":[{"count":3,"href":"https:\/\/groupedentis.com\/fr\/wp-json\/wp\/v2\/pages\/400\/revisions"}],"predecessor-version":[{"id":589,"href":"https:\/\/groupedentis.com\/fr\/wp-json\/wp\/v2\/pages\/400\/revisions\/589"}],"wp:attachment":[{"href":"https:\/\/groupedentis.com\/fr\/wp-json\/wp\/v2\/media?parent=400"}],"curies":[{"name":"wp","href":"https:\/\/api.w.org\/{rel}","templated":true}]}}