{"id":201,"date":"2017-02-07T16:23:36","date_gmt":"2017-02-07T15:23:36","guid":{"rendered":"https:\/\/groupedentis.com\/?page_id=201"},"modified":"2025-05-29T11:14:24","modified_gmt":"2025-05-29T15:14:24","slug":"urgence-dentaire","status":"publish","type":"page","link":"https:\/\/groupedentis.com\/fr\/urgence-dentaire\/","title":{"rendered":"Urgence dentaire"},"content":{"rendered":"<div class=\"wpb-content-wrapper\"><p>[vc_row css_animation=\u00a0\u00bb\u00a0\u00bb row_type=\u00a0\u00bbrow\u00a0\u00bb use_row_as_full_screen_section=\u00a0\u00bbno\u00a0\u00bb type=\u00a0\u00bbfull_width\u00a0\u00bb angled_section=\u00a0\u00bbno\u00a0\u00bb text_align=\u00a0\u00bbleft\u00a0\u00bb background_image=\u00a0\u00bb177&Prime; background_image_as_pattern=\u00a0\u00bbwithout_pattern\u00a0\u00bb el_class=\u00a0\u00bbwhite_text dentiste_qualifies\u00a0\u00bb][vc_column el_class=\u00a0\u00bbmobile-fix-text\u00a0\u00bb][vc_column_text css=\u00a0\u00bb\u00a0\u00bb el_class=\u00a0\u00bbdentiste_qualifies_text\u00a0\u00bb]<span style=\"font-weight: 400;\">Vous avez : une dent bris\u00e9e, une douleur importante, une infection ou la perte d\u2019une dent \u00e0 la suite d\u2019un accident ? Le Groupe Dentis vous offre des services d\u2019urgence dentaire \u00e0 Gatineau, quel que soit votre probl\u00e8me urgent. Communiquez avec nous afin de planifier un rendez-vous le plus rapidement possible, g\u00e9n\u00e9ralement le jour m\u00eame! Nous sommes conscients que les probl\u00e8mes buccodentaires n\u00e9cessitent une intervention rapide.<\/span>[\/vc_column_text][\/vc_column][\/vc_row][vc_row css_animation=\u00a0\u00bb\u00a0\u00bb row_type=\u00a0\u00bbrow\u00a0\u00bb use_row_as_full_screen_section=\u00a0\u00bbno\u00a0\u00bb type=\u00a0\u00bbgrid\u00a0\u00bb angled_section=\u00a0\u00bbno\u00a0\u00bb text_align=\u00a0\u00bbleft\u00a0\u00bb background_image_as_pattern=\u00a0\u00bbwithout_pattern\u00a0\u00bb][vc_column css=\u00a0\u00bb.vc_custom_1486486216791{margin-bottom: 20px !important;}\u00a0\u00bb][vc_empty_space height=\u00a0\u00bb50px\u00a0\u00bb][vc_column_text css=\u00a0\u00bb\u00a0\u00bb el_class=\u00a0\u00bbin_small_grid\u00a0\u00bb]<\/p>\n<h5><b>Voici quelques situations d\u2019urgences dentaires qui peuvent survenir, et les conseils de nos professionnels qualifi\u00e9s pour chacune de ces conditions:<\/b><\/h5>\n<p>[\/vc_column_text][\/vc_column][\/vc_row][vc_row css_animation=\u00a0\u00bb\u00a0\u00bb row_type=\u00a0\u00bbrow\u00a0\u00bb use_row_as_full_screen_section=\u00a0\u00bbno\u00a0\u00bb type=\u00a0\u00bbfull_width\u00a0\u00bb angled_section=\u00a0\u00bbno\u00a0\u00bb text_align=\u00a0\u00bbleft\u00a0\u00bb background_image_as_pattern=\u00a0\u00bbwithout_pattern\u00a0\u00bb el_class=\u00a0\u00bbhome_team team_member inverted_order\u00a0\u00bb][vc_column width=\u00a0\u00bb1\/2&Prime; el_class=\u00a0\u00bbhome_team_sec_one mobile-fix-text\u00a0\u00bb][vc_separator type=\u00a0\u00bbnormal\u00a0\u00bb transparency=\u00a0\u00bb0&Prime; thickness=\u00a0\u00bb10&Prime; up=\u00a0\u00bb20&Prime; down=\u00a0\u00bb20&Prime;][vc_column_text css=\u00a0\u00bb\u00a0\u00bb el_class=\u00a0\u00bbhome_team_text home_team_name\u00a0\u00bb]<\/p>\n<h4><b>Vous avez perdu une dent?<\/b><\/h4>\n<p>[\/vc_column_text][vc_separator type=\u00a0\u00bbnormal\u00a0\u00bb transparency=\u00a0\u00bb0&Prime; thickness=\u00a0\u00bb1&Prime; down=\u00a0\u00bb7&Prime;][vc_column_text css=\u00a0\u00bb\u00a0\u00bb el_class=\u00a0\u00bbhome_team_text\u00a0\u00bb]<span style=\"font-weight: 400;\">Premi\u00e8rement, appelez imm\u00e9diatement notre service d\u2019urgence dentaire \u00e0 Gatineau. Nous vous guiderons \u00e0 travers les \u00e9tapes \u00e0 suivre :<\/span><\/p>\n<ul>\n<li style=\"font-weight: 400;\" aria-level=\"1\"><span style=\"font-weight: 400;\">Si la dent est expuls\u00e9e, r\u00e9cup\u00e9rez-la, puis rincez-la sous l\u2019eau doucement, sans la frotter.<\/span><\/li>\n<li style=\"font-weight: 400;\" aria-level=\"1\"><span style=\"font-weight: 400;\">Ensuite, il est possible de la conserver dans l\u2019eau froide, dans le lait, ou dans la bouche.<\/span><\/li>\n<li style=\"font-weight: 400;\" aria-level=\"1\"><span style=\"font-weight: 400;\">Vous pouvez alors appeler notre clinique dentaire pour voir un professionnel. Nous ferons notre possible pour vous fixer un rendez-vous le plus rapidement possible.<\/span><\/li>\n<\/ul>\n<p><span style=\"font-weight: 400;\">Une dent expuls\u00e9e ne peut \u00eatre r\u00e9implant\u00e9e que tr\u00e8s rapidement apr\u00e8s l\u2019accident. C\u2019est pourquoi, chez Le Groupe Dentis, nous sommes fiers d\u2019offrir \u00e0 nos clients le meilleur service d\u2019urgence dentaire de la r\u00e9gion de Gatineau. Faites appel \u00e0 nos professionnels de soins buccodentaires au <\/span><a href=\"tel:8192469191\"><span style=\"font-weight: 400;\">819-246-9191<\/span><\/a><span style=\"font-weight: 400;\">.<\/span>[\/vc_column_text][vc_separator type=\u00a0\u00bbnormal\u00a0\u00bb transparency=\u00a0\u00bb0&Prime; thickness=\u00a0\u00bb1&Prime; down=\u00a0\u00bb7&Prime;][vc_separator type=\u00a0\u00bbnormal\u00a0\u00bb transparency=\u00a0\u00bb0&Prime; thickness=\u00a0\u00bb1&Prime; down=\u00a0\u00bb7&Prime;][\/vc_column][vc_column width=\u00a0\u00bb1\/2&Prime; el_class=\u00a0\u00bbhome_team_sec_two\u00a0\u00bb][vc_single_image image=\u00a0\u00bb599&Prime; img_size=\u00a0\u00bblarge\u00a0\u00bb qode_css_animation=\u00a0\u00bb\u00a0\u00bb][\/vc_column][\/vc_row][vc_row css_animation=\u00a0\u00bb\u00a0\u00bb row_type=\u00a0\u00bbrow\u00a0\u00bb use_row_as_full_screen_section=\u00a0\u00bbno\u00a0\u00bb type=\u00a0\u00bbfull_width\u00a0\u00bb angled_section=\u00a0\u00bbno\u00a0\u00bb text_align=\u00a0\u00bbleft\u00a0\u00bb background_image_as_pattern=\u00a0\u00bbwithout_pattern\u00a0\u00bb background_color=\u00a0\u00bb#f7f7f7&Prime; el_class=\u00a0\u00bbhome_team team_member not_inverted_order\u00a0\u00bb][vc_column width=\u00a0\u00bb1\/2&Prime; el_class=\u00a0\u00bbhome_team_sec_one mobile-fix-text\u00a0\u00bb][vc_separator type=\u00a0\u00bbnormal\u00a0\u00bb transparency=\u00a0\u00bb0&Prime; thickness=\u00a0\u00bb10&Prime; up=\u00a0\u00bb20&Prime; down=\u00a0\u00bb20&Prime;][vc_column_text css=\u00a0\u00bb\u00a0\u00bb el_class=\u00a0\u00bbhome_team_text home_team_name\u00a0\u00bb]<\/p>\n<h4><b>Vous avez une r\u00e9gion enfl\u00e9e sur vos gencives?<\/b><\/h4>\n<p>[\/vc_column_text][vc_separator type=\u00a0\u00bbnormal\u00a0\u00bb transparency=\u00a0\u00bb0&Prime; thickness=\u00a0\u00bb1&Prime; down=\u00a0\u00bb7&Prime;][vc_column_text css=\u00a0\u00bb\u00a0\u00bb el_class=\u00a0\u00bbhome_team_text\u00a0\u00bb]<span style=\"font-weight: 400;\">Il s\u2019agit probablement d\u2019une infection. Nous vous conseillons alors de rincer votre bouche plusieurs fois par jour avec de l\u2019eau sal\u00e9e ti\u00e8de, avant et apr\u00e8s les repas, et de prendre un analg\u00e9sique au besoin.<\/span><\/p>\n<p><span style=\"font-weight: 400;\">Il est ensuite important de consulter un dentiste le plus rapidement possible, car une infection peut rapidement s\u2019\u00e9tendre aux tissus avoisinants et devenir tr\u00e8s dangereuse. Contactez Le Groupe Dentis d\u00e8s maintenant au <\/span><a href=\"tel:8192469191\"><span style=\"font-weight: 400;\">819-246-9191<\/span><\/a><span style=\"font-weight: 400;\"> pour une enflure de la gencive.<\/span>[\/vc_column_text][vc_separator type=\u00a0\u00bbnormal\u00a0\u00bb transparency=\u00a0\u00bb0&Prime; thickness=\u00a0\u00bb1&Prime; down=\u00a0\u00bb7&Prime;][vc_separator type=\u00a0\u00bbnormal\u00a0\u00bb transparency=\u00a0\u00bb0&Prime; thickness=\u00a0\u00bb1&Prime; down=\u00a0\u00bb7&Prime;][\/vc_column][vc_column width=\u00a0\u00bb1\/2&Prime; el_class=\u00a0\u00bbhome_team_sec_two\u00a0\u00bb][vc_single_image image=\u00a0\u00bb600&Prime; img_size=\u00a0\u00bblarge\u00a0\u00bb qode_css_animation=\u00a0\u00bb\u00a0\u00bb][\/vc_column][\/vc_row][vc_row css_animation=\u00a0\u00bb\u00a0\u00bb row_type=\u00a0\u00bbrow\u00a0\u00bb use_row_as_full_screen_section=\u00a0\u00bbno\u00a0\u00bb type=\u00a0\u00bbfull_width\u00a0\u00bb angled_section=\u00a0\u00bbno\u00a0\u00bb text_align=\u00a0\u00bbleft\u00a0\u00bb background_image_as_pattern=\u00a0\u00bbwithout_pattern\u00a0\u00bb el_class=\u00a0\u00bbhome_team team_member inverted_order\u00a0\u00bb][vc_column width=\u00a0\u00bb1\/2&Prime; el_class=\u00a0\u00bbhome_team_sec_one mobile-fix-text\u00a0\u00bb][vc_separator type=\u00a0\u00bbnormal\u00a0\u00bb transparency=\u00a0\u00bb0&Prime; thickness=\u00a0\u00bb10&Prime; up=\u00a0\u00bb20&Prime; down=\u00a0\u00bb20&Prime;][vc_column_text css=\u00a0\u00bb\u00a0\u00bb el_class=\u00a0\u00bbhome_team_text home_team_name\u00a0\u00bb]<\/p>\n<h4><b>Vous avez une dent cass\u00e9e ou un plombage tomb\u00e9?<\/b><\/h4>\n<p>[\/vc_column_text][vc_separator type=\u00a0\u00bbnormal\u00a0\u00bb transparency=\u00a0\u00bb0&Prime; thickness=\u00a0\u00bb1&Prime; down=\u00a0\u00bb7&Prime;][vc_column_text css=\u00a0\u00bb\u00a0\u00bb el_class=\u00a0\u00bbhome_team_text\u00a0\u00bb]<span style=\"font-weight: 400;\">Gardez la r\u00e9gion propre en la nettoyant d\u00e9licatement \u00e0 l\u2019eau ti\u00e8de. Cette \u00e9tape est tr\u00e8s importante puisque la dentine expos\u00e9e de la dent vivante est tr\u00e8s sensible aux changements de temp\u00e9rature. Vous pouvez placer des compresses d\u2019eau glac\u00e9e \u00e0 l\u2019endroit affect\u00e9 pour soulager l\u2019enflure. Prenez ensuite un rendez-vous d\u2019urgence chez Le Groupe Dentis pour que notre dentiste exp\u00e9riment\u00e9 puisse proc\u00e9der \u00e0 la r\u00e9paration. Il est important d\u2019agir rapidement pour \u00e9viter que le probl\u00e8me ne s\u2019aggrave, appelez-nous d\u00e8s maintenant au <a href=\"tel:8192469191\">819-246-9191<\/a>.<\/span>[\/vc_column_text][\/vc_column][vc_column width=\u00a0\u00bb1\/2&Prime; el_class=\u00a0\u00bbhome_team_sec_two\u00a0\u00bb][vc_single_image image=\u00a0\u00bb598&Prime; img_size=\u00a0\u00bblarge\u00a0\u00bb qode_css_animation=\u00a0\u00bb\u00a0\u00bb el_class=\u00a0\u00bbinvert-image-x\u00a0\u00bb][\/vc_column][\/vc_row][vc_row css_animation=\u00a0\u00bb\u00a0\u00bb row_type=\u00a0\u00bbrow\u00a0\u00bb use_row_as_full_screen_section=\u00a0\u00bbno\u00a0\u00bb type=\u00a0\u00bbgrid\u00a0\u00bb angled_section=\u00a0\u00bbno\u00a0\u00bb text_align=\u00a0\u00bbleft\u00a0\u00bb background_image_as_pattern=\u00a0\u00bbwithout_pattern\u00a0\u00bb][vc_column][vc_empty_space height=\u00a0\u00bb20px\u00a0\u00bb][vc_column_text css=\u00a0\u00bb\u00a0\u00bb]<\/p>\n<p style=\"text-align: center;\"><span style=\"font-weight: 400;\">Peu importe l\u2019urgence, notre \u00e9quipe sp\u00e9cialis\u00e9e saura vous aider. Nous pouvons vous prodiguer les meilleurs soins pour vos probl\u00e8mes dentaires.<\/span><\/p>\n<p>[\/vc_column_text][vc_empty_space height=\u00a0\u00bb50px\u00a0\u00bb][\/vc_column][\/vc_row]<\/p>\n<\/div>","protected":false},"excerpt":{"rendered":"<p>[vc_row css_animation=\u00a0\u00bb\u00a0\u00bb row_type=\u00a0\u00bbrow\u00a0\u00bb use_row_as_full_screen_section=\u00a0\u00bbno\u00a0\u00bb type=\u00a0\u00bbfull_width\u00a0\u00bb angled_section=\u00a0\u00bbno\u00a0\u00bb text_align=\u00a0\u00bbleft\u00a0\u00bb background_image=\u00a0\u00bb177&Prime; background_image_as_pattern=\u00a0\u00bbwithout_pattern\u00a0\u00bb el_class=\u00a0\u00bbwhite_text dentiste_qualifies\u00a0\u00bb][vc_column el_class=\u00a0\u00bbmobile-fix-text\u00a0\u00bb][vc_column_text css=\u00a0\u00bb\u00a0\u00bb el_class=\u00a0\u00bbdentiste_qualifies_text\u00a0\u00bb]Vous avez : une dent bris\u00e9e, une douleur importante, une infection ou la perte d\u2019une dent \u00e0 la suite d\u2019un accident ? Le Groupe Dentis vous offre des services d\u2019urgence dentaire \u00e0&#8230;<\/p>\n","protected":false},"author":1,"featured_media":0,"parent":0,"menu_order":0,"comment_status":"closed","ping_status":"closed","template":"full_width.php","meta":{"_acf_changed":false,"footnotes":""},"class_list":["post-201","page","type-page","status-publish","hentry"],"acf":[],"_links":{"self":[{"href":"https:\/\/groupedentis.com\/fr\/wp-json\/wp\/v2\/pages\/201","targetHints":{"allow":["GET"]}}],"collection":[{"href":"https:\/\/groupedentis.com\/fr\/wp-json\/wp\/v2\/pages"}],"about":[{"href":"https:\/\/groupedentis.com\/fr\/wp-json\/wp\/v2\/types\/page"}],"author":[{"embeddable":true,"href":"https:\/\/groupedentis.com\/fr\/wp-json\/wp\/v2\/users\/1"}],"replies":[{"embeddable":true,"href":"https:\/\/groupedentis.com\/fr\/wp-json\/wp\/v2\/comments?post=201"}],"version-history":[{"count":3,"href":"https:\/\/groupedentis.com\/fr\/wp-json\/wp\/v2\/pages\/201\/revisions"}],"predecessor-version":[{"id":1091,"href":"https:\/\/groupedentis.com\/fr\/wp-json\/wp\/v2\/pages\/201\/revisions\/1091"}],"wp:attachment":[{"href":"https:\/\/groupedentis.com\/fr\/wp-json\/wp\/v2\/media?parent=201"}],"curies":[{"name":"wp","href":"https:\/\/api.w.org\/{rel}","templated":true}]}}