{"id":198,"date":"2017-02-07T16:23:05","date_gmt":"2017-02-07T15:23:05","guid":{"rendered":"https:\/\/groupedentis.com\/?page_id=198"},"modified":"2025-05-29T11:11:44","modified_gmt":"2025-05-29T15:11:44","slug":"denturologiste","status":"publish","type":"page","link":"https:\/\/groupedentis.com\/fr\/denturologiste\/","title":{"rendered":"Denturologiste"},"content":{"rendered":"<div class=\"wpb-content-wrapper\"><p>[vc_row css_animation=\u00a0\u00bb\u00a0\u00bb row_type=\u00a0\u00bbrow\u00a0\u00bb use_row_as_full_screen_section=\u00a0\u00bbno\u00a0\u00bb type=\u00a0\u00bbfull_width\u00a0\u00bb angled_section=\u00a0\u00bbno\u00a0\u00bb text_align=\u00a0\u00bbleft\u00a0\u00bb background_image=\u00a0\u00bb177&Prime; background_image_as_pattern=\u00a0\u00bbwithout_pattern\u00a0\u00bb el_class=\u00a0\u00bbwhite_text dentiste_qualifies\u00a0\u00bb][vc_column css=\u00a0\u00bb.vc_custom_1490980430183{margin-top: 20px !important;margin-bottom: 20px !important;}\u00a0\u00bb el_class=\u00a0\u00bbmobile-fix-text\u00a0\u00bb][vc_column_text css=\u00a0\u00bb\u00a0\u00bb el_class=\u00a0\u00bbdentiste_qualifies_text\u00a0\u00bb]<span style=\"font-weight: 400;\">Le Groupe Dentis met aussi \u00e0 votre disposition les services d\u2019un denturologiste dipl\u00f4m\u00e9, Michel Boss\u00e9, pour la confection, l\u2019ajustement et la r\u00e9paration de proth\u00e8ses dentaires amovibles \u00e0 Gatineau. Que vous ayez besoin d\u2019une proth\u00e8se compl\u00e8te ou partielle, faites confiance \u00e0 notre denturologiste certifi\u00e9. Avec son professionnalisme et son expertise, il confectionnera une proth\u00e8se sur mesure, \u00e0 la fois esth\u00e9tique, fonctionnelle et confortable.<\/span><\/p>\n<p><span style=\"font-weight: 400;\">La proth\u00e8se compl\u00e8te amovible, aussi appel\u00e9e dentier, est utilis\u00e9e comme remplacement \u00e0 l\u2019ensemble des dents naturelles. Le dentier est facile d\u2019entretien et peut \u00eatre retir\u00e9 pour en faire le nettoyage et pour dormir la nuit. La proth\u00e8se compl\u00e8te est con\u00e7ue afin d\u2019obtenir un sourire naturel, en ajustant la couleur, la forme, la grosseur, et m\u00eame la position des dents.<\/span><\/p>\n<p><span style=\"font-weight: 400;\">Vous n\u2019avez pas besoin d\u2019une proth\u00e8se compl\u00e8te? La proth\u00e8se partielle permet de remplacer une ou quelques dents manquantes. Elle offre plusieurs avantages, comme l\u2019am\u00e9lioration de la mastication, de l\u2019apparence du sourire et voire m\u00eame de la prononciation. Il existe diff\u00e9rents mat\u00e9riaux qui peuvent \u00eatre utilis\u00e9s pour la confection des proth\u00e8ses partielles. Notre denturologiste \u00e0 Gatineau chez Le Groupe Dentis vous guidera dans les diff\u00e9rentes options possibles afin de choisir l\u2019option la mieux adapt\u00e9e \u00e0 vos besoins.<\/span>[\/vc_column_text][\/vc_column][\/vc_row][vc_row css_animation=\u00a0\u00bb\u00a0\u00bb row_type=\u00a0\u00bbrow\u00a0\u00bb use_row_as_full_screen_section=\u00a0\u00bbno\u00a0\u00bb type=\u00a0\u00bbgrid\u00a0\u00bb angled_section=\u00a0\u00bbno\u00a0\u00bb text_align=\u00a0\u00bbleft\u00a0\u00bb background_image_as_pattern=\u00a0\u00bbwithout_pattern\u00a0\u00bb][vc_column css=\u00a0\u00bb.vc_custom_1486486345836{margin-bottom: 20px !important;}\u00a0\u00bb][vc_empty_space height=\u00a0\u00bb75px\u00a0\u00bb][vc_column_text css=\u00a0\u00bb\u00a0\u00bb]<\/p>\n<h4><b>Les services d\u2019un denturologiste pour vos r\u00e9parations et urgences proth\u00e9tiques<\/b><\/h4>\n<p>[\/vc_column_text][vc_empty_space height=\u00a0\u00bb25px\u00a0\u00bb][vc_column_text css=\u00a0\u00bb\u00a0\u00bb]<span style=\"font-weight: 400;\">Vous avez un probl\u00e8me urgent? Chez Le Groupe Dentis \u00e0 Gatineau, nous offrons un service d\u2019urgence pour vos probl\u00e8mes de proth\u00e8se dentaire. Au besoin, notre denturologiste Michel Boss\u00e9 fera l\u2019ajustement ou la r\u00e9paration votre proth\u00e8se dentaire. Son expertise vous permettra de retrouver rapidement une mastication efficace et un sourire harmonieux. Il vous conseillera \u00e9galement sur l\u2019entretien et les soins \u00e0 apporter \u00e0 votre proth\u00e8se afin de la conserver longtemps.<\/span>[\/vc_column_text][vc_empty_space height=\u00a0\u00bb75px\u00a0\u00bb][\/vc_column][\/vc_row]<\/p>\n<\/div>","protected":false},"excerpt":{"rendered":"<p>[vc_row css_animation=\u00a0\u00bb\u00a0\u00bb row_type=\u00a0\u00bbrow\u00a0\u00bb use_row_as_full_screen_section=\u00a0\u00bbno\u00a0\u00bb type=\u00a0\u00bbfull_width\u00a0\u00bb angled_section=\u00a0\u00bbno\u00a0\u00bb text_align=\u00a0\u00bbleft\u00a0\u00bb background_image=\u00a0\u00bb177&Prime; background_image_as_pattern=\u00a0\u00bbwithout_pattern\u00a0\u00bb el_class=\u00a0\u00bbwhite_text dentiste_qualifies\u00a0\u00bb][vc_column css=\u00a0\u00bb.vc_custom_1490980430183{margin-top: 20px !important;margin-bottom: 20px !important;}\u00a0\u00bb el_class=\u00a0\u00bbmobile-fix-text\u00a0\u00bb][vc_column_text css=\u00a0\u00bb\u00a0\u00bb el_class=\u00a0\u00bbdentiste_qualifies_text\u00a0\u00bb]Le Groupe Dentis met aussi \u00e0 votre disposition les services d\u2019un denturologiste dipl\u00f4m\u00e9, Michel Boss\u00e9, pour la confection, l\u2019ajustement et la r\u00e9paration de proth\u00e8ses dentaires amovibles \u00e0&#8230;<\/p>\n","protected":false},"author":1,"featured_media":0,"parent":0,"menu_order":0,"comment_status":"closed","ping_status":"closed","template":"full_width.php","meta":{"_acf_changed":false,"footnotes":""},"class_list":["post-198","page","type-page","status-publish","hentry"],"acf":[],"_links":{"self":[{"href":"https:\/\/groupedentis.com\/fr\/wp-json\/wp\/v2\/pages\/198","targetHints":{"allow":["GET"]}}],"collection":[{"href":"https:\/\/groupedentis.com\/fr\/wp-json\/wp\/v2\/pages"}],"about":[{"href":"https:\/\/groupedentis.com\/fr\/wp-json\/wp\/v2\/types\/page"}],"author":[{"embeddable":true,"href":"https:\/\/groupedentis.com\/fr\/wp-json\/wp\/v2\/users\/1"}],"replies":[{"embeddable":true,"href":"https:\/\/groupedentis.com\/fr\/wp-json\/wp\/v2\/comments?post=198"}],"version-history":[{"count":3,"href":"https:\/\/groupedentis.com\/fr\/wp-json\/wp\/v2\/pages\/198\/revisions"}],"predecessor-version":[{"id":1090,"href":"https:\/\/groupedentis.com\/fr\/wp-json\/wp\/v2\/pages\/198\/revisions\/1090"}],"wp:attachment":[{"href":"https:\/\/groupedentis.com\/fr\/wp-json\/wp\/v2\/media?parent=198"}],"curies":[{"name":"wp","href":"https:\/\/api.w.org\/{rel}","templated":true}]}}