{"id":113,"date":"2016-07-22T10:15:04","date_gmt":"2016-07-22T10:15:04","guid":{"rendered":"http:\/\/bridge76.qodeinteractive.com\/?page_id=113"},"modified":"2025-05-29T11:36:11","modified_gmt":"2025-05-29T15:36:11","slug":"nous-joindre","status":"publish","type":"page","link":"https:\/\/groupedentis.com\/fr\/nous-joindre\/","title":{"rendered":"Nous joindre"},"content":{"rendered":"<div class=\"wpb-content-wrapper\"><p>[vc_row css_animation=\u00a0\u00bb\u00a0\u00bb row_type=\u00a0\u00bbrow\u00a0\u00bb use_row_as_full_screen_section=\u00a0\u00bbno\u00a0\u00bb type=\u00a0\u00bbfull_width\u00a0\u00bb angled_section=\u00a0\u00bbno\u00a0\u00bb text_align=\u00a0\u00bbleft\u00a0\u00bb background_image_as_pattern=\u00a0\u00bbwithout_pattern\u00a0\u00bb el_class=\u00a0\u00bbhome_google_map\u00a0\u00bb][vc_column]<div class='google_map_shortcode_holder' style='height:480px;'><div class='qode_google_map' style='height:480px;' id='map_canvas_11690' data-addresses='[\"61 Rue Bellehumeur, Gatineau Qu\u00e9bec, J8T 6K5\"]' data-custom-map-style='false' data-color-overlay='#393939' data-saturation='-100' data-lightness='-60' data-zoom='16' data-pin='https:\/\/groupedentis.com\/wp-content\/uploads\/2016\/07\/marker.png' data-unique-id='11690' data-google-maps-scroll-wheel='false' data-map-height='480'><\/div><div class='google_map_shortcode_overlay'><\/div><\/div>[vc_row_inner row_type=\u00a0\u00bbrow\u00a0\u00bb type=\u00a0\u00bbfull_width\u00a0\u00bb text_align=\u00a0\u00bbleft\u00a0\u00bb css_animation=\u00a0\u00bb\u00a0\u00bb el_class=\u00a0\u00bbaddress-box-dist\u00a0\u00bb][vc_column_inner width=\u00a0\u00bb5\/6&Prime; offset=\u00a0\u00bbvc_col-lg-12 vc_col-xs-12&Prime;][vc_column_text]<\/p>\n<h4>Le Groupe Dentis<\/h4>\n<p><a href=\"https:\/\/www.google.ca\/maps\/place\/Groupe+Dentis\/@45.4753333,-75.6942422,17z\/data=!4m13!1m7!3m6!1s0x4cce1b3f2570e99f:0x742afb823b103b0a!2s61+Rue+Bellehumeur+%23101,+Gatineau,+QC+J8T+6K5!3b1!8m2!3d45.4753333!4d-75.6920535!3m4!1s0x4cce1b4753487dc5:0xe2c96469daf7dad7!8m2!3d45.4753686!4d-75.6920571\" target=\"_blank\" rel=\"noopener noreferrer\">61 Rue Bellehumeur, suite 101 Gatineau<br\/>Qu\u00e9bec, J8T 6K5<\/a><\/p>\n<p>&nbsp;<\/p>\n<p>Phone: <a href='tel:8192469191'>819 246-9191<\/a><\/p>\n<p>&nbsp;<\/p>\n<p><strong>Lundi :<strong> 08 h 00 - 20 h 00<\/p><p><strong>Mardi :<\/strong> 08 h 00 - 19 h 00<\/p><p><strong>Mercredi :<\/strong> 08 h 00 - 17 h 00<\/p><p><strong>Jeudi :<\/strong> 08 h 00 - 19 h 00<\/p><p><strong>Vendredi :<\/strong> 08 h 00 - 15 h 30<\/p><p><strong>Samedi et dimanche:<\/strong> ferm\u00e9<\/p><p><strong>Ferm\u00e9 les jours f\u00e9ri\u00e9s du Qu\u00e9bec<\/strong><\/p>\n<p><a class=\"visite_link\" href=\"https:\/\/groupedentis.com\/fr\/visite-virtuelle\/\">Voir notre visite virtuelle<\/a><br \/>\n<a class=\"visite_link blue\" href=\"https:\/\/www.facebook.com\/groupedentis\/\">Nous suivre sur Facebook<\/a>[\/vc_column_text][\/vc_column_inner][\/vc_row_inner][\/vc_column][\/vc_row]<\/p>\n<\/div>","protected":false},"excerpt":{"rendered":"<p>[vc_row css_animation=\u00a0\u00bb\u00a0\u00bb row_type=\u00a0\u00bbrow\u00a0\u00bb use_row_as_full_screen_section=\u00a0\u00bbno\u00a0\u00bb type=\u00a0\u00bbfull_width\u00a0\u00bb angled_section=\u00a0\u00bbno\u00a0\u00bb text_align=\u00a0\u00bbleft\u00a0\u00bb background_image_as_pattern=\u00a0\u00bbwithout_pattern\u00a0\u00bb el_class=\u00a0\u00bbhome_google_map\u00a0\u00bb][vc_column][vc_row_inner row_type=\u00a0\u00bbrow\u00a0\u00bb type=\u00a0\u00bbfull_width\u00a0\u00bb text_align=\u00a0\u00bbleft\u00a0\u00bb css_animation=\u00a0\u00bb\u00a0\u00bb el_class=\u00a0\u00bbaddress-box-dist\u00a0\u00bb][vc_column_inner width=\u00a0\u00bb5\/6&Prime; offset=\u00a0\u00bbvc_col-lg-12 vc_col-xs-12&Prime;][vc_column_text] &nbsp; &nbsp; Voir notre visite virtuelle Nous suivre sur Facebook[\/vc_column_text][\/vc_column_inner][\/vc_row_inner][\/vc_column][\/vc_row]<\/p>\n","protected":false},"author":1,"featured_media":0,"parent":0,"menu_order":0,"comment_status":"closed","ping_status":"closed","template":"full_width.php","meta":{"_acf_changed":false,"footnotes":""},"class_list":["post-113","page","type-page","status-publish","hentry"],"acf":[],"_links":{"self":[{"href":"https:\/\/groupedentis.com\/fr\/wp-json\/wp\/v2\/pages\/113","targetHints":{"allow":["GET"]}}],"collection":[{"href":"https:\/\/groupedentis.com\/fr\/wp-json\/wp\/v2\/pages"}],"about":[{"href":"https:\/\/groupedentis.com\/fr\/wp-json\/wp\/v2\/types\/page"}],"author":[{"embeddable":true,"href":"https:\/\/groupedentis.com\/fr\/wp-json\/wp\/v2\/users\/1"}],"replies":[{"embeddable":true,"href":"https:\/\/groupedentis.com\/fr\/wp-json\/wp\/v2\/comments?post=113"}],"version-history":[{"count":3,"href":"https:\/\/groupedentis.com\/fr\/wp-json\/wp\/v2\/pages\/113\/revisions"}],"predecessor-version":[{"id":1070,"href":"https:\/\/groupedentis.com\/fr\/wp-json\/wp\/v2\/pages\/113\/revisions\/1070"}],"wp:attachment":[{"href":"https:\/\/groupedentis.com\/fr\/wp-json\/wp\/v2\/media?parent=113"}],"curies":[{"name":"wp","href":"https:\/\/api.w.org\/{rel}","templated":true}]}}