{"id":693,"date":"2018-06-07T15:24:02","date_gmt":"2018-06-07T14:24:02","guid":{"rendered":"http:\/\/groupedentis.com\/?page_id=693"},"modified":"2025-05-29T11:53:34","modified_gmt":"2025-05-29T15:53:34","slug":"our-team","status":"publish","type":"page","link":"https:\/\/groupedentis.com\/en\/our-team\/","title":{"rendered":"Our team"},"content":{"rendered":"<div class=\"wpb-content-wrapper\"><p>[vc_row css_animation=&#8221;&#8221; row_type=&#8221;row&#8221; use_row_as_full_screen_section=&#8221;no&#8221; type=&#8221;full_width&#8221; angled_section=&#8221;no&#8221; text_align=&#8221;left&#8221; background_image=&#8221;177&#8243; background_image_as_pattern=&#8221;without_pattern&#8221; el_class=&#8221;white_text dentiste_qualifies&#8221;][vc_column el_class=&#8221;mobile-fix-text&#8221;][vc_column_text css=&#8221;&#8221; el_class=&#8221;dentiste_qualifies_text&#8221;]<span style=\"font-weight: 400;\">Our qualified team, consisting of 17 professionals, will be delighted to welcome you and provide you with the best care, whatever your dental needs may be. Our dentists, denturist, hygienists, assistants, administrative staff, and managers form a cohesive and skilled team. Among our team members, you will find Dr. Pierre-Luc D\u00e9ry, Dr. Maude Couillard St-Pierre and Dr. Im\u00e8ne Meddad, all committed to providing you with personalized and professional care in Gatineau.<\/span><\/p>\n<p><span style=\"font-weight: 400;\">Working together, our team aims to offer you personalized service in a pleasant environment, equipped with the latest technologies, at our clinic in Gatineau.<\/span>[\/vc_column_text][\/vc_column][\/vc_row][vc_row css_animation=&#8221;&#8221; row_type=&#8221;row&#8221; use_row_as_full_screen_section=&#8221;no&#8221; type=&#8221;full_width&#8221; angled_section=&#8221;no&#8221; text_align=&#8221;left&#8221; background_image_as_pattern=&#8221;without_pattern&#8221; background_color=&#8221;#f7f7f7&#8243; el_class=&#8221;home_team team_member not_inverted_order&#8221;][vc_column width=&#8221;1\/2&#8243; el_class=&#8221;home_team_sec_one mobile-fix-text&#8221;][vc_separator type=&#8221;normal&#8221; transparency=&#8221;0&#8243; thickness=&#8221;10&#8243; up=&#8221;20&#8243; down=&#8221;20&#8243;][vc_column_text el_class=&#8221;home_team_text home_team_name&#8221;]<\/p>\n<h4>Dr. Pierre-Luc D\u00e9ry<\/h4>\n<p>[\/vc_column_text][vc_separator type=&#8221;normal&#8221; transparency=&#8221;0&#8243; thickness=&#8221;1&#8243; down=&#8221;7&#8243;][vc_column_text el_class=&#8221;home_team_text&#8221;]<\/p>\n<p align=\"justify\">In 2010, Dr. Pierre-Luc D\u00e9ry joined Le Groupe Dentis after receiving his doctorate in Dental Medicine from Laval University in Qu\u00e9bec city. From the beginning, Dr. Pierre-Luc D\u00e9ry perfected many technics and expertise in different dentistry fields. Dr. D\u00e9ry received his diploma from the International Dental Institute in 2011 for his training in implantology. He also received a diploma from the Medical University of South Carolina in 2013 for his training in gum grafts. Always wanting the best possible care for his patients, Dr. D\u00e9ry is very thorough, attentive and accessible to all your dental needs.<\/p>\n<p>[\/vc_column_text][\/vc_column][vc_column width=&#8221;1\/2&#8243; el_class=&#8221;home_team_sec_two&#8221;][vc_single_image image=&#8221;374&#8243; img_size=&#8221;large&#8221; qode_css_animation=&#8221;&#8221;][\/vc_column][\/vc_row][vc_row css_animation=&#8221;&#8221; row_type=&#8221;row&#8221; use_row_as_full_screen_section=&#8221;no&#8221; type=&#8221;full_width&#8221; angled_section=&#8221;no&#8221; text_align=&#8221;left&#8221; background_image_as_pattern=&#8221;without_pattern&#8221; background_color=&#8221;#f7f7f7&#8243; el_class=&#8221;home_team team_member inverted_order&#8221;][vc_column width=&#8221;1\/2&#8243; el_class=&#8221;home_team_sec_one mobile-fix-text&#8221;][vc_separator type=&#8221;normal&#8221; transparency=&#8221;0&#8243; thickness=&#8221;10&#8243; up=&#8221;20&#8243; down=&#8221;20&#8243;][vc_column_text css=&#8221;&#8221; el_class=&#8221;home_team_text home_team_name&#8221;]<\/p>\n<h4><b>Dr. Maude Couillard St-Pierre<\/b><\/h4>\n<p>[\/vc_column_text][vc_separator type=&#8221;normal&#8221; transparency=&#8221;0&#8243; thickness=&#8221;1&#8243; down=&#8221;7&#8243;][vc_column_text el_class=&#8221;home_team_text&#8221;]Dr. Maude Couillard-St-Pierre graduated in Dental Medicine from Laval University in Quebec in 2013. Passionate about dentistry, she has been practicing for ten years in the Outaouais region. She also obtained a Bachelor&#8217;s degree in Microbiology from the same university. With a personalized and family approach, she listens to her patients and offers care that meets their needs. Dr. Couillard-St-Pierre regularly participates in training focused on the latest knowledge and technologies in dentistry to provide quality care. In both summer and winter, she enjoys outdoor activities with her family and two young children. Family-oriented, warm, and attentive to all your concerns, Dr. Maude Couillard-St-Pierre is ready to welcome you.[\/vc_column_text][\/vc_column][vc_column width=&#8221;1\/2&#8243; el_class=&#8221;home_team_sec_two&#8221;][vc_single_image image=&#8221;994&#8243; img_size=&#8221;large&#8221; qode_css_animation=&#8221;&#8221;][\/vc_column][\/vc_row][vc_row css_animation=&#8221;&#8221; row_type=&#8221;row&#8221; use_row_as_full_screen_section=&#8221;no&#8221; type=&#8221;full_width&#8221; angled_section=&#8221;no&#8221; text_align=&#8221;left&#8221; background_image_as_pattern=&#8221;without_pattern&#8221; el_class=&#8221;home_team team_member not_inverted_order&#8221;][vc_column width=&#8221;1\/2&#8243; el_class=&#8221;home_team_sec_one mobile-fix-text&#8221;][vc_separator type=&#8221;normal&#8221; transparency=&#8221;0&#8243; thickness=&#8221;10&#8243; up=&#8221;20&#8243; down=&#8221;20&#8243;][vc_column_text el_class=&#8221;home_team_text home_team_name&#8221;]<\/p>\n<h4>Michel Boss\u00e9 d.d.<\/h4>\n<p>[\/vc_column_text][vc_separator type=&#8221;normal&#8221; transparency=&#8221;0&#8243; thickness=&#8221;1&#8243; down=&#8221;7&#8243;][vc_column_text css=&#8221;&#8221; el_class=&#8221;home_team_text&#8221;]<\/p>\n<p align=\"justify\"><span style=\"font-weight: 400;\">Certified denturist Michel Boss\u00e9 graduated in 1994 and has over 30 years of experience. Always on point in the denturology field, he makes sure that your dentures or partials are of the best quality and fit. Michel Boss\u00e9 listens to your specific needs, evaluates your condition and establishes a personal treatment plan in order for you to have new dentures or partials that fit properly. He will be there for you from the first consultation to the last adjustments. Come have a chat, the consultation is always free with Michel!<\/span><\/p>\n<p>[\/vc_column_text][\/vc_column][vc_column width=&#8221;1\/2&#8243; el_class=&#8221;home_team_sec_two&#8221;][vc_single_image image=&#8221;375&#8243; img_size=&#8221;large&#8221; qode_css_animation=&#8221;&#8221; el_class=&#8221;invert-image-x&#8221;][\/vc_column][\/vc_row][vc_row css_animation=&#8221;&#8221; row_type=&#8221;row&#8221; use_row_as_full_screen_section=&#8221;no&#8221; type=&#8221;full_width&#8221; angled_section=&#8221;no&#8221; text_align=&#8221;left&#8221; background_image_as_pattern=&#8221;without_pattern&#8221; el_class=&#8221;home_team team_member inverted_order&#8221;][vc_column width=&#8221;1\/2&#8243; el_class=&#8221;home_team_sec_one mobile-fix-text&#8221;][vc_separator type=&#8221;normal&#8221; transparency=&#8221;0&#8243; thickness=&#8221;10&#8243; up=&#8221;20&#8243; down=&#8221;20&#8243;][vc_column_text el_class=&#8221;home_team_text home_team_name&#8221;]<\/p>\n<h4>Dr. Im\u00e8ne Meddad<\/h4>\n<p>[\/vc_column_text][vc_separator type=&#8221;normal&#8221; transparency=&#8221;0&#8243; thickness=&#8221;1&#8243; down=&#8221;7&#8243;][vc_column_text el_class=&#8221;home_team_text&#8221;]<\/p>\n<p align=\"justify\">After completing 3 years of nutrition training and graduating from Universit\u00e9 Laval de Qu\u00e9bec in 2023, Dr. Meddad embodies the perfect blend of professional competence and compassion. Her calm approach and natural gentleness are instantly appealing. Endowed with an innate ability to put children and anxious patients at ease, she is committed to providing a soothing and pleasant dental experience.<\/p>\n<p align=\"justify\">With Dr. Meddad, attentive listening and mutual trust lie at the heart of every consultation. She strives to understand the individual needs of each patient and establish a lasting bond of trust. With her, you can expect a long-term partnership for optimal dental health.<\/p>\n<p align=\"justify\">Feel free to meet her and discover for yourself how Dr. Meddad can transform your dental experience.<\/p>\n<p>[\/vc_column_text][vc_separator type=&#8221;normal&#8221; transparency=&#8221;0&#8243; thickness=&#8221;1&#8243; down=&#8221;7&#8243;][vc_separator type=&#8221;normal&#8221; transparency=&#8221;0&#8243; thickness=&#8221;1&#8243; down=&#8221;7&#8243;][\/vc_column][vc_column width=&#8221;1\/2&#8243; el_class=&#8221;home_team_sec_two&#8221;][vc_single_image image=&#8221;1056&#8243; img_size=&#8221;large&#8221; qode_css_animation=&#8221;&#8221; el_class=&#8221;invert-image-x&#8221;][\/vc_column][\/vc_row]<\/p>\n<\/div>","protected":false},"excerpt":{"rendered":"<p>[vc_row css_animation=&#8221;&#8221; row_type=&#8221;row&#8221; use_row_as_full_screen_section=&#8221;no&#8221; type=&#8221;full_width&#8221; angled_section=&#8221;no&#8221; text_align=&#8221;left&#8221; background_image=&#8221;177&#8243; background_image_as_pattern=&#8221;without_pattern&#8221; el_class=&#8221;white_text dentiste_qualifies&#8221;][vc_column el_class=&#8221;mobile-fix-text&#8221;][vc_column_text css=&#8221;&#8221; el_class=&#8221;dentiste_qualifies_text&#8221;]Our qualified team, consisting of 17 professionals, will be delighted to welcome you and provide you with the best care, whatever your dental needs may be. Our dentists, denturist, hygienists, assistants, administrative&#8230;<\/p>\n","protected":false},"author":1,"featured_media":0,"parent":0,"menu_order":0,"comment_status":"closed","ping_status":"closed","template":"full_width.php","meta":{"_acf_changed":false,"footnotes":""},"class_list":["post-693","page","type-page","status-publish","hentry"],"acf":[],"_links":{"self":[{"href":"https:\/\/groupedentis.com\/en\/wp-json\/wp\/v2\/pages\/693","targetHints":{"allow":["GET"]}}],"collection":[{"href":"https:\/\/groupedentis.com\/en\/wp-json\/wp\/v2\/pages"}],"about":[{"href":"https:\/\/groupedentis.com\/en\/wp-json\/wp\/v2\/types\/page"}],"author":[{"embeddable":true,"href":"https:\/\/groupedentis.com\/en\/wp-json\/wp\/v2\/users\/1"}],"replies":[{"embeddable":true,"href":"https:\/\/groupedentis.com\/en\/wp-json\/wp\/v2\/comments?post=693"}],"version-history":[{"count":5,"href":"https:\/\/groupedentis.com\/en\/wp-json\/wp\/v2\/pages\/693\/revisions"}],"predecessor-version":[{"id":1101,"href":"https:\/\/groupedentis.com\/en\/wp-json\/wp\/v2\/pages\/693\/revisions\/1101"}],"wp:attachment":[{"href":"https:\/\/groupedentis.com\/en\/wp-json\/wp\/v2\/media?parent=693"}],"curies":[{"name":"wp","href":"https:\/\/api.w.org\/{rel}","templated":true}]}}